{"id":1138,"date":"2015-02-16T19:27:18","date_gmt":"2015-02-16T18:27:18","guid":{"rendered":"http:\/\/aseryde.com\/?page_id=1138"},"modified":"2015-02-16T19:27:18","modified_gmt":"2015-02-16T18:27:18","slug":"portal-asesor-2","status":"publish","type":"page","link":"https:\/\/aseryde.com\/en\/portal-asesor-2\/","title":{"rendered":"Advisor Portal"},"content":{"rendered":"<p>[vc_row][vc_column width=\u00bb1\/1&#8243;][vc_column_text]<\/p>\n<h2 style=\"text-align: center;\"><a title=\"Advisor Portal\" href=\"https:\/\/www.portalasesor.net\/A3FisLoginEx.aspx?CL=3565\" target=\"_blank\"><span style=\"text-decoration: underline;\">ACCESS TO ADVISORY PORTAL<\/span><\/a><\/h2>\n<p style=\"text-align: justify;\">Portal Asesor is a platform via the web that we make available to our clients, with which to maintain flexible and personalized communication, and having a documentary file of the office that can be easily managed from their A3 Software applications (a3nom, a3eco, a3con, a3soc and a3ges).<\/p>\n<p style=\"text-align: justify;\">Through Portal Asesor we offer you the management of invoices, a fully personalized documentary file, all the labor and tax-accounting information, as well as making inquiries and requests, and always in a totally secure environment.<\/p>\n<p style=\"text-align: justify;\"><a title=\"Video-tutorial\" href=\"https:\/\/www.youtube.com\/watch?feature=player_embedded&amp;v=jwOoVIesenc\" target=\"_blank\">Watch a video tutorial where its operation is explained in detail<\/a><\/p>\n<p>[\/vc_column_text][\/vc_column][\/vc_row]    \t<\/p>","protected":false},"excerpt":{"rendered":"<p>[vc_row][vc_column width=\u00bb1\/1&#8243;][vc_column_text] ACCESO A PORTAL ASESOR Portal Asesor es una plataforma v\u00eda web que ponemos a disposici\u00f3n de nuestros clientes, con la que mantener una comunicaci\u00f3n \u00e1gil y personalizada,y disponiendo de un archivo documental del despacho y que puede ser gestionado \u00a0f\u00e1cilmente desde sus aplicaciones de A3 Software (a3nom, a3eco, a3con, a3soc y a3ges). A [&hellip;]<\/p>","protected":false},"author":2,"featured_media":0,"parent":0,"menu_order":0,"comment_status":"closed","ping_status":"closed","template":"","meta":{"_et_pb_use_builder":"","_et_pb_old_content":"","_et_gb_content_width":"","footnotes":""},"class_list":["post-1138","page","type-page","status-publish","hentry"],"_links":{"self":[{"href":"https:\/\/aseryde.com\/en\/wp-json\/wp\/v2\/pages\/1138","targetHints":{"allow":["GET"]}}],"collection":[{"href":"https:\/\/aseryde.com\/en\/wp-json\/wp\/v2\/pages"}],"about":[{"href":"https:\/\/aseryde.com\/en\/wp-json\/wp\/v2\/types\/page"}],"author":[{"embeddable":true,"href":"https:\/\/aseryde.com\/en\/wp-json\/wp\/v2\/users\/2"}],"replies":[{"embeddable":true,"href":"https:\/\/aseryde.com\/en\/wp-json\/wp\/v2\/comments?post=1138"}],"version-history":[{"count":0,"href":"https:\/\/aseryde.com\/en\/wp-json\/wp\/v2\/pages\/1138\/revisions"}],"wp:attachment":[{"href":"https:\/\/aseryde.com\/en\/wp-json\/wp\/v2\/media?parent=1138"}],"curies":[{"name":"wp","href":"https:\/\/api.w.org\/{rel}","templated":true}]}}