{"id":118803,"date":"2014-12-17T13:03:25","date_gmt":"2014-12-17T12:03:25","guid":{"rendered":"http:\/\/aseryde.com\/?page_id=6"},"modified":"2025-02-28T16:38:44","modified_gmt":"2025-02-28T15:38:44","slug":"inicio","status":"publish","type":"page","link":"https:\/\/aseryde.com\/en\/","title":{"rendered":"Start"},"content":{"rendered":"<p>[et_pb_section fb_built=\u00bb1\u2033 inner_shadow=\u00bbon\u00bb _builder_version=\u00bb4.16\u2033 use_background_color_gradient=\u00bbon\u00bb background_color_gradient_stops=\u00bb#184b91 0%|#1a6e99 100%\u00bb background_color_gradient_start=\u00bb#184b91\u2033 background_color_gradient_end=\u00bb#1a6e99\u2033 background_image=\u00bbhttps:\/\/aseryde.com\/wp-content\/uploads\/2023\/02\/banner-aseryde.png\u00bb custom_padding=\u00bb61px|0px|116px|0px|false|false\u00bb global_colors_info=\u00bb{}\u00bb][et_pb_row _builder_version=\u00bb4.16\u2033 custom_margin=\u00bb|||182px|false|false\u00bb custom_padding=\u00bb27px|0px|0|0px|false|false\u00bb global_colors_info=\u00bb{}\u00bb][et_pb_column type=\u00bb4_4\u2033 _builder_version=\u00bb4.16\u2033 custom_padding=\u00bb|||\u00bb global_colors_info=\u00bb{}\u00bb custom_padding__hover=\u00bb|||\u00bb][et_pb_image src=\u00bbhttps:\/\/aseryde.com\/wp-content\/uploads\/2023\/02\/LOGO-ASERYDE-sin-fondo.png\u00bb alt=\u00bbAseryde logo\u00bb title_text=\u00bbASERYDE LOGO sin-fundo\u00bb _builder_version=\u00bb4.16\u2033 width=\u00bb33%\u00bb max_width=\u00bb75%\u00bb global_colors_info=\u00bb{}\u00bb][\/et_pb_image][et_pb_text _builder_version=\u00bb4.16\u2033 text_text_color=\u00bb#0424b7\u2033 header_font=\u00bb|600|||||||\u00bb header_text_align=\u00bbcenter\u00bb header_text_color=\u00bb#ffffff\u00bb header_font_size=\u00bb62px\u00bb width=\u00bb78%\u00bb max_width=\u00bb58%\u00bb min_height=\u00bb100px\u00bb global_colors_info=\u00bb{}\u00bb]<\/p>\n<h1 style=\"text-align: left;\"><span style=\"color: #0c71c3;\">Aseryde Consulting<\/span><\/h1>\n<p>[\/et_pb_text][et_pb_text _builder_version=\u00bb4.16\u2033 header_font=\u00bb|300|||||||\u00bb header_text_align=\u00bbcenter\u00bb header_text_color=\u00bb#ffffff\u00bb header_font_size=\u00bb62px\u00bb header_2_font=\u00bb|300|||||||\u00bb header_2_text_align=\u00bbcenter\u00bb header_2_text_color=\u00bb#0424b7\u2033 header_2_font_size=\u00bb24px\u00bb custom_margin=\u00bb-30px|||\u00bb global_colors_info=\u00bb{}\u00bb]<\/p>\n<h2 style=\"text-align: left;\">Business Advice and Consulting<\/h2>\n<p>[\/et_pb_text][et_pb_text _builder_version=\u00bb4.16\u2033 header_font=\u00bb|300|||||||\u00bb header_text_color=\u00bb#ffffff\u00bb header_font_size=\u00bb62px\u00bb header_2_font=\u00bb|300|||||||\u00bb header_2_text_align=\u00bbcenter\u00bb header_2_text_color=\u00bb#ffffff\u00bb header_2_font_size=\u00bb24px\u00bb header_3_font=\u00bb||||||||\u00bb header_3_text_align=\u00bbcenter\u00bb header_3_text_color=\u00bb#0424b7\u2033 header_3_font_size=\u00bb26px\u00bb custom_margin=\u00bb-30px|||\u00bb global_colors_info=\u00bb{}\u00bb]<\/p>\n<h3 style=\"text-align: left;\">968 45 46 24<\/h3>\n<p>[\/et_pb_text][\/et_pb_column][\/et_pb_row][\/et_pb_section][et_pb_section fb_built=\u00bb1\u2033 _builder_version=\u00bb4.16\u2033 background_color=\u00bb#f2f2f2\u2033 custom_padding=\u00bb0px|||||\u00bb top_divider_style=\u00bbarrow\u00bb top_divider_color=\u00bb#ffffff\u00bb bottom_divider_style=\u00bbarrow2\u2033 bottom_divider_color=\u00bb#ffffff\u00bb global_colors_info=\u00bb{}\u00bb][et_pb_row column_structure=\u00bb1_4,1_4,1_4,1_4\u2033 _builder_version=\u00bb4.16\u2033 width=\u00bb100%\u00bb max_width=\u00bb80%\u00bb custom_padding=\u00bb125px||70px|||\u00bb global_colors_info=\u00bb{}\u00bb][et_pb_column type=\u00bb1_4\u2033 _builder_version=\u00bb4.16\u2033 border_color_right=\u00bbrgba(12,113,195,0.36)\u00bb global_colors_info=\u00bb{}\u00bb][et_pb_image src=\u00bbhttps:\/\/aseryde.com\/wp-content\/uploads\/2023\/02\/team-icon.png\u00bb alt=\u00bbTeam-icon\u00bb title_text=\u00bbteam-icon\u00bb align=\u00bbcenter\u00bb _builder_version=\u00bb4.16\u2033 width=\u00bb50%\u00bb global_colors_info=\u00bb{}\u00bb][\/et_pb_image][et_pb_text _builder_version=\u00bb4.16\u2033 text_font=\u00bbManrope||||||||\u00bb text_font_size=\u00bb15px\u00bb header_text_color=\u00bb#000000\u2033 header_2_font=\u00bbManrope|700|||||||\u00bb header_2_text_color=\u00bb#000000\u2033 header_2_font_size=\u00bb25px\u00bb text_orientation=\u00bbcenter\u00bb custom_margin=\u00bb||15px||false|false\u00bb custom_padding=\u00bb10px|10px|10px|10px|false|false\u00bb border_color_all=\u00bb#0c71c3\u2033 border_width_bottom=\u00bb2px\u00bb border_style_bottom=\u00bbdashed\u00bb locked=\u00bboff\u00bb global_colors_info=\u00bb{}\u00bb]<\/p>\n<h2>EQUIPMENT<\/h2>\n<p>[\/et_pb_text][et_pb_text _builder_version=\u00bb4.16\u2033 text_font=\u00bbManrope||||||||\u00bb text_text_color=\u00bb#000000\u2033 text_font_size=\u00bb15px\u00bb header_2_text_color=\u00bb#000000\u2033 text_orientation=\u00bbcenter\u00bb global_colors_info=\u00bb{}\u00bb]<\/p>\n<p>Training, professionalism and commitment: values of a team forged with more than 25 years of experience, to cover any need of your company.<\/p>\n<p>[\/et_pb_text][\/et_pb_column][et_pb_column type=\u00bb1_4\u2033 _builder_version=\u00bb4.16\u2033 border_color_right=\u00bbrgba(12,113,195,0.36)\u00bb global_colors_info=\u00bb{}\u00bb][et_pb_image src=\u00bbhttps:\/\/aseryde.com\/wp-content\/uploads\/2023\/02\/tramites-icono.png\u00bb alt=\u00bbOnline procedures\u00bb title_text=\u00bbtr\u00e1mites-icono\u00bb align=\u00bbcenter\u00bb _builder_version=\u00bb4.16\u2033 width=\u00bb50%\u00bb global_colors_info=\u00bb{}\u00bb][\/et_pb_image][et_pb_text _builder_version=\u201d4.16\u2033 text_font=\u00bbManrope||||||||\u00bb text_font_size=\u00bb15px\u00bb header_text_color=\u00bb#000000\u2033 header_2_font=\u00bbManrope|700|||||||\u00bb header_2_text_color=\u00bb#000000\u2033 header_2_font_size=\u00bb25px\u00bb text_orientation=\u00bbcenter\u00bb custom_margin=\u00bb||15px||false|false\u00bb custom_padding=\u00bb10px|10px|10px|10px|false|false\u00bb border_color_all=\u00bb#0c71c3\u2033 border_width_bottom=\u00bb2px\u00bb border_style_bottom=\u00bbdashed\u00bb locked=\u00bboff\u00bb global_colors_info=\u00bb{}\u00bb]<\/p>\n<h2>ONLINE PROCEDURES<\/h2>\n<p>[\/et_pb_text][et_pb_text _builder_version=\u00bb4.16\u2033 text_font=\u00bbManrope||||||||\u00bb text_text_color=\u00bb#000000\u2033 text_font_size=\u00bb15px\u00bb header_2_text_color=\u00bb#000000\u2033 text_orientation=\u00bbcenter\u00bb global_colors_info=\u00bb{}\u00bb]<\/p>\n<p>We streamline administrative procedures through official online platforms such as Social Security, Tax Agency, Justice, Development Institute, etc.<\/p>\n<p>[\/et_pb_text][\/et_pb_column][et_pb_column type=\u00bb1_4\u2033 _builder_version=\u00bb4.16\u2033 border_color_right=\u00bbrgba(12,113,195,0.36)\u00bb global_colors_info=\u00bb{}\u00bb][et_pb_image src=\u00bbhttps:\/\/aseryde.com\/wp-content\/uploads\/2023\/02\/subvencion-icono.png\u00bb alt=\u00bbSubvention icon\u00bb title_text=\u00bbsubvention-icon\u00bb align=\u00bbcenter\u00bb _builder_version=\u00bb4.16\u2033 width=\u00bb50%\u00bb global_colors_info=\u00bb{}\u00bb][\/et_pb_image][et_pb_text _builder_version=\u201d4.16\u2033 text_font=\u00bbManrope||||||||\u00bb text_font_size=\u00bb15px\u00bb header_text_color=\u00bb#000000\u2033 header_2_font=\u00bbManrope|700|||||||\u00bb header_2_text_color=\u00bb#000000\u2033 header_2_font_size=\u00bb25px\u00bb text_orientation=\u00bbcenter\u00bb custom_margin=\u00bb||15px||false|false\u00bb custom_padding=\u00bb10px|10px|10px|10px|false|false\u00bb border_color_all=\u00bb#0c71c3\u2033 border_width_bottom=\u00bb2px\u00bb border_style_bottom=\u00bbdashed\u00bb locked=\u00bboff\u00bb global_colors_info=\u00bb{}\u00bb]<\/p>\n<h2>GRANTS<\/h2>\n<p>[\/et_pb_text][et_pb_text _builder_version=\u00bb4.16\u2033 text_font=\u00bbManrope||||||||\u00bb text_text_color=\u00bb#000000\u2033 text_font_size=\u00bb15px\u00bb header_2_text_color=\u00bb#000000\u2033 text_orientation=\u00bbcenter\u00bb global_colors_info=\u00bb{}\u00bb]<\/p>\n<p>We keep you up to date with calls for grants from all administrations, and we guide you through the application process.<\/p>\n<p>[\/et_pb_text][\/et_pb_column][et_pb_column type=\u00bb1_4\u2033 _builder_version=\u00bb4.16\u2033 border_color_right=\u00bbrgba(12,113,195,0.36)\u00bb global_colors_info=\u00bb{}\u00bb][et_pb_image src=\u00bbhttps:\/\/aseryde.com\/wp-content\/uploads\/2023\/02\/flexibility-icon.png\u00bb alt=\u00bbflexibility icon\u00bb title_text=\u00bbflexibility-icon\u00bb align=\u00bbcenter\u00bb _builder_version=\u00bb4.16\u2033 width=\u00bb50%\u00bb global_colors_info=\u00bb{}\u00bb][\/et_pb_image][et_pb_text _builder_version=\u201d4.16\u2033 text_font=\u00bbManrope||||||||\u00bb text_font_size=\u00bb15px\u00bb header_text_color=\u00bb#000000\u2033 header_2_font=\u00bbManrope|700|||||||\u00bb header_2_text_color=\u00bb#000000\u2033 header_2_font_size=\u00bb25px\u00bb text_orientation=\u00bbcenter\u00bb custom_margin=\u00bb||15px||false|false\u00bb custom_padding=\u00bb10px|10px|10px|10px|false|false\u00bb border_color_all=\u00bb#0c71c3\u2033 border_width_bottom=\u00bb2px\u00bb border_style_bottom=\u00bbdashed\u00bb locked=\u00bboff\u00bb global_colors_info=\u00bb{}\u00bb]<\/p>\n<h2>FLEXIBILITY<\/h2>\n<p>[\/et_pb_text][et_pb_text _builder_version=\u00bb4.16\u2033 text_font=\u00bbManrope||||||||\u00bb text_text_color=\u00bb#000000\u2033 text_font_size=\u00bb15px\u00bb header_2_text_color=\u00bb#000000\u2033 text_orientation=\u00bbcenter\u00bb global_colors_info=\u00bb{}\u00bb]<\/p>\n<p>We adapt to the needs of your company, with monthly payments for tax, accounting and labor services, or specific advice, audits...<\/p>\n<p>[\/et_pb_text][\/et_pb_column][\/et_pb_row][\/et_pb_section][et_pb_section fb_built=\u00bb1\u2033 admin_label=\u00bbBlog Section\u00bb _builder_version=\u00bb4.16\u2033 background_color=\u00bb#ffffff\u00bb background_size=\u00bbcontain\u00bb background_position=\u00bbtop_center\u00bb custom_padding=\u00bb23px||0||false|false\u00bb top_divider_color=\u00bbrgba(255,255,255,0.3)\u00bb global_colors_info=\u00bb{}\u00bb][et_pb_row _builder_version=\u00bb4.16\u2033 width=\u00bb100%\u00bb custom_padding=\u00bb||0px|||\u00bb global_colors_info=\u00bb{}\u00bb][et_pb_column type=\u00bb4_4\u2033 _builder_version=\u00bb4.16\u2033 custom_padding=\u00bb|||\u00bb global_colors_info=\u00bb{}\u00bb custom_padding__hover=\u00bb|||\u00bb][et_pb_text _builder_version=\u00bb4.16\u2033 header_font=\u00bb||||||||\u00bb header_2_font=\u00bbManrope||||||||\u00bb header_2_text_align=\u00bbcenter\u00bb header_2_text_color=\u00bb#3d3d3d\u00bb header_2_font_size=\u00bb35px\u00bb custom_margin=\u00bb||10px|\u00bb global_colors_info=\u00bb{}\u00bb]<\/p>\n<h2>Aseryde News<\/h2>\n<p>[\/et_pb_text][et_pb_divider color=\u00bb#0c71c3\u2033 divider_style=\u00bbdashed\u00bb divider_weight=\u00bb2px\u00bb _builder_version=\u00bb4.16\u2033 global_colors_info=\u00bb{}\u00bb][\/et_pb_divider][et_pb_blog fullwidth=\u00bboff\u00bb posts_number=\u00bb3\u2033 include_categories=\u00bb5.1\u2033 excerpt_length=\u00bb100\u2033 show_author=\u00bboff\u00bb show_categories=\u00bboff\u00bb show_pagination=\u00bboff\u00bb _builder_version=\u00bb4.16\u2033 header_font=\u00bbManrope|700|||||||\u00bb header_text_align=\u00bbcenter\u00bb header_text_color=\u00bb#0c71c3\u2033 header_font_size=\u00bb18px\u00bb header_line_height=\u00bb1.1em\u00bb body_font=\u00bbManrope||||||||\u00bb body_text_align=\u00bbcenter\u00bb body_text_color=\u00bb#303030\u2033 body_font_size=\u00bb16px\u00bb meta_font=\u00bbNunito||||||||\u00bb meta_text_align=\u00bbcenter\u00bb meta_letter_spacing=\u00bb3px\u00bb meta_line_height=\u00bb1.8em\u00bb pagination_font=\u00bbNunito|700||on|||||\u00bb pagination_text_color=\u00bb#c7755a\u00bb pagination_letter_spacing=\u00bb2px\u00bb custom_margin=\u00bb||||false|false\u00bb custom_padding=\u00bb||||false|false\u00bb animation_style=\u00bbfade\u00bb border_radii=\u00bbon|6px|6px|6px|6px\u00bb border_width_all=\u00bb0px\u00bb box_shadow_style=\u00bbpreset3\u2033 box_shadow_vertical=\u00bb35px\u00bb box_shadow_blur=\u00bb50px\u00bb box_shadow_spread=\u00bb-35px\u00bb box_shadow_color=\u00bbrgba(0,0,0,0.5)\u00bb global_colors_info=\u00bb{}\u00bb][\/et_pb_blog][et_pb_button button_url=\u00bbhttps:\/\/aseryde.com\/noticias\/\u00bb button_text=\u00bbMore News\u00bb button_alignment=\u00bbcenter\u00bb _builder_version=\u00bb4.16\u2033 custom_button=\u00bbon\u00bb button_text_color=\u00bb#0c71c3\u2033 global_colors_info=\u00bb{}\u00bb][\/et_pb_button][\/et_pb_column][\/et_pb_row][\/et_pb_section][et_pb_section fb_built=\u00bb1\u2033 _builder_version=\u00bb4.16\u2033 global_colors_info=\u00bb{}\u00bb][et_pb_row _builder_version=\u00bb4.16\u2033 global_colors_info=\u00bb{}\u00bb][et_pb_column type=\u00bb4_4\u2033 _builder_version=\u00bb4.16\u2033 global_colors_info=\u00bb{}\u00bb][et_pb_image src=\u00bbhttps:\/\/aseryde.com\/wp-content\/uploads\/2023\/02\/logotipos-kitDigital-1024\u00d7118-1.gif\u00bb title_text=\u00bblogotipos-kitDigital-1024\u00d7118\u2033 _builder_version=\u00bb4.16\u2033 global_colors_info=\u00bb{}\u00bb][\/et_pb_image][\/et_pb_column][\/et_pb_row][\/et_pb_section]<\/p>","protected":false},"excerpt":{"rendered":"<p>Aseryde ConsultingBusiness Consulting and Consulting968 45 46 24TEAMTraining, professionalism and commitment: values of a team forged with more than 25 years of experience, to cover any need of your company.ONLINE PROCEDURESWe streamline administrative procedures through official online platforms such as Social Security, Tax Agency, Justice, Development Institute, etc.SUBSIDIESWe keep you up to date with [\u2026]<\/p>","protected":false},"author":2,"featured_media":0,"parent":0,"menu_order":0,"comment_status":"closed","ping_status":"closed","template":"","meta":{"_et_pb_use_builder":"on","_et_pb_old_content":"<p>[vc_row][vc_column width=\"1\/1\"][vc_empty_space height=\"15px\"][dt_fancy_title title=\"Noticias Aseryde\" title_align=\"left\" title_size=\"h4\" title_color=\"accent\" separator_style=\"dashed\" el_width=\"100\" title_bg=\"disabled\" separator_color=\"custom\" custom_separator_color=\"#a3a3a3\"][vc_empty_space height=\"35px\"][dt_blog_posts type=\"grid\" padding=\"15\" column_width=\"150\" columns_number=\"3\" background=\"disabled\" same_width=\"false\" number=\"6\" loading_effect=\"fade_in\" orderby=\"date\" order=\"desc\" show_read_more_button=\"true\" category=\"noticias\" fancy_date=\"true\"][vc_empty_space height=\"15px\"][vc_column_text]<\/p><p><a href=\"http:\/\/aseryde.com\/noticias\/\"><img class=\"aligncenter size-full wp-image-20857\" src=\"http:\/\/aseryde.com\/wp-content\/uploads\/2014\/12\/boton-masnoticias.jpg\" alt=\"boton-masnoticias\" width=\"392\" height=\"62\" \/><\/a><\/p><p>[\/vc_column_text][\/vc_column][vc_column width=\"1\/1\"][vc_empty_space height=\"32px\"][\/vc_column][\/vc_row][vc_row][vc_column width=\"1\/1\"][vc_empty_space height=\"40px\"][dt_fancy_title title=\"Sobre nosotros\" title_align=\"left\" title_size=\"h4\" title_color=\"accent\" separator_style=\"dashed\" el_width=\"100\" title_bg=\"disabled\" separator_color=\"custom\" custom_separator_color=\"#a3a3a3\"][vc_empty_space height=\"32px\"][\/vc_column][vc_column width=\"1\/2\"][vc_tabs style=\"tab-style-one\" interval=\"0\"][vc_tab title=\"Equipo\" tab_id=\"1419269806-1-49\"][vc_column_text]<\/p><div class=\"wpb_text_column wpb_content_element \"><div class=\"wpb_wrapper\"><p dir=\"ltr\" style=\"text-align: justify;\">En asesor\u00eda Cieza Aseryde contamos con un grupo de profesionales altamente cualificados, con amplia solvencia en <a href=\"http:\/\/aseryde.com\/laboral-2\/\"><strong>asesor\u00eda laboral<\/strong>,<\/a> <strong><a href=\"http:\/\/aseryde.com\/fiscal-2\/\">asesor\u00eda fiscal<\/a><\/strong> y <strong><a href=\"http:\/\/aseryde.com\/contable-2\/\">asesor\u00eda contable<\/a><\/strong> que aportan a nuestra empresa un prestigio forjado durante 25 a\u00f1os, que nos ha permitido tener clientes fieles y ampliar y mejorar nuestros servicios.<\/p><h2 dir=\"ltr\" style=\"text-align: justify;\">Asesor\u00eda en Murcia<\/h2><p dir=\"ltr\" style=\"text-align: justify;\">Asesor\u00eda Murcia: prestamos servicios <strong>asesor\u00eda laboral en Murcia<\/strong>, <strong>asesor\u00eda Fiscal en Murcia<\/strong> y <strong>asesor\u00eda contable en Murcia<\/strong>.<\/p><p dir=\"ltr\" style=\"text-align: justify;\">Formaci\u00f3n, cualificaci\u00f3n y experiencia hacen de la profesionalidad de nuestro equipo nuestro principal valor, que nos permite ser una referencia en la prestaci\u00f3n de servicios de <strong>asesor\u00eda de empresas en Murcia<\/strong>. Le ofrecemos diversas <a href=\"http:\/\/aseryde.com\/modalidades-de-contratacion\/\">modalidades de contrataci\u00f3n<\/a> adaptadas a sus necesidades.<\/p><\/div><\/div><p>[\/vc_column_text][\/vc_tab][vc_tab title=\"Tr\u00e1mites on-Line\" tab_id=\"1419269806-2-38\"][vc_column_text]<\/p><h2 style=\"text-align: justify;\">Asesor\u00eda en Murcia: le agilizamos los tr\u00e1mites de su empresa on line<\/h2><p style=\"text-align: justify;\">Estamos adheridos a todas las plataformas de <a href=\"http:\/\/aseryde.com\/asesoria-y-tramites-on-line-cieza\/\">tramitaci\u00f3n on line<\/a> de los principales Organismos Oficiales como la Seguridad Social, Agencia Tributaria, Administraci\u00f3n de Justicia, Instituto de Fomento, etc., facilit\u00e1ndole y agilizando todos los tr\u00e1mites administrativos que precise su empresa tales como los de creaci\u00f3n telem\u00e1tica de empresas (CIRCE), factura electr\u00f3nica, presentaci\u00f3n telem\u00e1tica de cuentas anuales, certificados del Registro de Empresas Acreditados para el sector de la construcci\u00f3n, Inspecciones de Trabajo en cualquier Comunidad Aut\u00f3noma, certificaciones mercantiles, etc.<\/p><p>[\/vc_column_text][\/vc_tab][vc_tab title=\"Subvenciones\" tab_id=\"1419270915422-2-0\"][vc_column_text]<\/p><div class=\"wpb_text_column wpb_content_element \"><div class=\"wpb_wrapper\"><p dir=\"ltr\" style=\"text-align: justify;\">Estamos al tanto de todas las ayudas relacionadas con la actividad profesional y empresarial, le mantenemos informado de las <a href=\"http:\/\/aseryde.com\/noticias\/\">noticias<\/a> que tienen que ver con ella, y facilitando a nuestros clientes la obtenci\u00f3n de subvenciones en todos los niveles de la administraci\u00f3n, desde el local, auton\u00f3mico, estatal y europeo, ocup\u00e1ndonos desde el estudio, hasta la elaboraci\u00f3n y tramitaci\u00f3n de las mismas.<\/p><p dir=\"ltr\" style=\"text-align: justify;\">Nuestros clientes est\u00e1n al tanto de todas las subvenciones que les interesa, y les facilitamos los engorrosos tr\u00e1mites administrativos.<\/p><\/div><\/div><p>[\/vc_column_text][\/vc_tab][vc_tab title=\"Flexibilidad\" tab_id=\"1419271973636-3-6\"][vc_column_text]<\/p><p dir=\"ltr\" style=\"text-align: justify;\">Puede contratar con nosotros todos los servicios que necesite su empresa con nuestro <a href=\"http:\/\/aseryde.com\/modalidades-de-contratacion\/\">abono mensual<\/a>, pensado para aquellos clientes que quieren despreocuparse de los tr\u00e1mites administrativos y de las gestiones ante los Organismos oficiales en materia fiscal, contable y laboral, dedicando su tiempo y esfuerzo en la gesti\u00f3n interna de su negocio.<\/p><p dir=\"ltr\" style=\"text-align: justify;\">Pero tambi\u00e9n <a href=\"http:\/\/aseryde.com\/modalidades-de-contratacion\/\">puede contratar<\/a> solo aquellos asuntos que precise en un momento determinado: estudios, auditorias, informes, certificaciones, etc.<\/p><p>[\/vc_column_text][\/vc_tab][\/vc_tabs][\/vc_column][vc_column width=\"1\/2\"][vc_column_text css_animation=\"fadeIn\"]<\/p><p><img class=\"aligncenter wp-image-6866 size-full\" src=\"http:\/\/aseryde.com\/wp-content\/uploads\/2014\/12\/equipo-principal.jpg\" alt=\"Asesor\u00eda de empresas en Murcia\" width=\"556\" height=\"229\" \/><\/p><p>[\/vc_column_text][\/vc_column][\/vc_row]<\/p>","_et_gb_content_width":"","footnotes":""},"class_list":["post-118803","page","type-page","status-publish","hentry"],"_links":{"self":[{"href":"https:\/\/aseryde.com\/en\/wp-json\/wp\/v2\/pages\/118803","targetHints":{"allow":["GET"]}}],"collection":[{"href":"https:\/\/aseryde.com\/en\/wp-json\/wp\/v2\/pages"}],"about":[{"href":"https:\/\/aseryde.com\/en\/wp-json\/wp\/v2\/types\/page"}],"author":[{"embeddable":true,"href":"https:\/\/aseryde.com\/en\/wp-json\/wp\/v2\/users\/2"}],"replies":[{"embeddable":true,"href":"https:\/\/aseryde.com\/en\/wp-json\/wp\/v2\/comments?post=118803"}],"version-history":[{"count":22,"href":"https:\/\/aseryde.com\/en\/wp-json\/wp\/v2\/pages\/118803\/revisions"}],"predecessor-version":[{"id":121431,"href":"https:\/\/aseryde.com\/en\/wp-json\/wp\/v2\/pages\/118803\/revisions\/121431"}],"wp:attachment":[{"href":"https:\/\/aseryde.com\/en\/wp-json\/wp\/v2\/media?parent=118803"}],"curies":[{"name":"wp","href":"https:\/\/api.w.org\/{rel}","templated":true}]}}