{"id":753,"date":"2015-02-09T19:14:16","date_gmt":"2015-02-09T18:14:16","guid":{"rendered":"http:\/\/aseryde.com\/politica-de-cookies\/"},"modified":"2019-03-08T10:19:22","modified_gmt":"2019-03-08T09:19:22","slug":"politica-de-cookies","status":"publish","type":"page","link":"https:\/\/aseryde.com\/en\/politica-de-cookies\/","title":{"rendered":"Cookies policy"},"content":{"rendered":"<p>[et_pb_section fb_built=\u201d1\u2033 admin_label=\u201dsection\u201d _builder_version=\u201d3.0.47\u2033][et_pb_row admin_label=\u201drow\u201d _builder_version=\u201d3.0.48\u2033 background_size=\u201dinitial\u201d background_position=\u201dtop_left\u201d background_repeat=\u201drepeat\u201d] [et_pb_column type=\u201d4_4\u2033 _builder_version=\u201d3.0.47\u2033][et_pb_text admin_label=\u201dText\u201d _builder_version=\u201d3.20.1\u2033 background_size=\u201dinitial\u201d background_position=\u201dtop_left\u201d background_repeat=\u201drepeat\u201d]<\/p>\n<h1 style=\"text-align: justify;\">Cookies policy<\/h1>\n<p style=\"text-align: justify;\">A <em>cookie<\/em> is a small text file that is stored in your browser when you visit almost any web page. Its usefulness is that the web is able to remember your visit when you return to browse that page. The <em>cookies<\/em> They usually store information of a technical nature, personal preferences, content customization, usage statistics, links to social networks, access to user accounts, etc. The goal of the <em>cookie<\/em> is to adapt the content of the web to your profile and needs, without <em>cookies<\/em> the services offered by any page would be significantly diminished. If you wish to consult more information about what are the <em>cookies<\/em>, what they store, how to delete them, deactivate them, etc., <a href=\"http:\/\/aseryde.com\/en\/mas-informacion-sobre-las-cookies\/\">please refer to this link.<\/a><\/p>\n<h2 style=\"text-align: justify;\">Cookies used on this website<\/h2>\n<p style=\"text-align: justify;\">Following the guidelines of the Spanish Agency for Data Protection, we proceed to detail the use of <em>cookies<\/em> that this website does in order to inform you as accurately as possible.<\/p>\n<p style=\"text-align: justify;\">This website uses the following <strong>own cookies<\/strong>:<\/p>\n<ul style=\"text-align: justify;\">\n<li>Session cookies, to ensure that users who write comments on the blog are human and not automated applications. In this way, one fights <em>spam<\/em>.<\/li>\n<\/ul>\n<p style=\"text-align: justify;\">This website uses the following <strong>third party cookies<\/strong>:<\/p>\n<ul style=\"text-align: justify;\">\n<li>Google Analytics: Stores <em>cookies<\/em> to be able to compile statistics on the traffic and volume of visits to this website. By using this website you are consenting to the processing of information about you by Google. Therefore, the exercise of any right in this regard must be done by communicating directly with Google.<\/li>\n<li>Social networks: Each social network uses its own <em>cookies<\/em> so that you can click on buttons of the type <em>I like<\/em> either <em>Share<\/em>.<\/li>\n<\/ul>\n<h2 style=\"text-align: justify;\">Deactivation or elimination of cookies<\/h2>\n<p style=\"text-align: justify;\">At any time you can exercise your right to deactivate or eliminate cookies from this website. These actions are performed differently depending on the browser you are using. <a href=\"http:\/\/aseryde.com\/en\/mas-informacion-sobre-las-cookies\/#navegadores\">Here is a quick guide to the most popular browsers<\/a>.<\/p>\n<h2 style=\"text-align: justify;\">Additional notes<\/h2>\n<ul>\n<li style=\"text-align: justify;\">Neither this website nor its legal representatives are responsible for the content or the veracity of the privacy policies that the third parties mentioned in this privacy policy may have. <em>cookies<\/em>.<\/li>\n<li style=\"text-align: justify;\">Web browsers are the tools in charge of storing the <em>cookies<\/em> and from this place you must exercise your right to eliminate or deactivate them. Neither this website nor its legal representatives can guarantee the correct or incorrect handling of the <em>cookies<\/em> by the aforementioned browsers.<\/li>\n<li style=\"text-align: justify;\">In some cases it is necessary to install <em>cookies<\/em> so that the browser does not forget your decision not to accept them.<\/li>\n<li style=\"text-align: justify;\">In the case of <em>cookies<\/em> of Google Analytics, this company stores the <em>cookies<\/em> on servers located in the United States and undertakes not to share it with third parties, except in cases in which it is necessary for the operation of the system or when the law requires such effect. According to Google, it does not store your IP address. Google Inc. is a company adhered to the Safe Harbor Agreement that guarantees that all data transferred will be treated with a level of protection in accordance with European regulations. You can consult detailed information in this regard <a href=\"http:\/\/www.rolexreplicasrelojes.com\">rolex replica<\/a> <a href=\"http:\/\/safeharbor.export.gov\/companyinfo.aspx?id=16626\" target=\"_blank\" rel=\"noopener noreferrer\">in this link<\/a>. If you want information about the use that Google gives to cookies <a href=\"https:\/\/developers.google.com\/analytics\/devguides\/collection\/analyticsjs\/cookie-usage?hl=es&amp;csw=1\" target=\"_blank\" rel=\"noopener noreferrer\">we attach this other link<\/a>.<\/li>\n<li style=\"text-align: justify;\">For any questions or queries about this privacy policy <em>cookies<\/em> Do not hesitate to contact us through the contact section.<\/li>\n<\/ul>\n<p>[\/et_pb_text][\/et_pb_column][\/et_pb_row][\/et_pb_section]<\/p>","protected":false},"excerpt":{"rendered":"<p>Cookie Policy A cookie is a small text file that is stored in your browser when you visit almost any web page. Its usefulness is for the website to be able to remember your visit when you browse that page again. Cookies usually store information of a technical nature, personal preferences, personalization of content, [\u2026]<\/p>","protected":false},"author":2,"featured_media":0,"parent":0,"menu_order":0,"comment_status":"closed","ping_status":"closed","template":"","meta":{"_et_pb_use_builder":"on","_et_pb_old_content":"<h1 style=\"text-align: justify;\">Pol\u00edtica de cookies<\/h1>\n<p style=\"text-align: justify;\">Una <em>cookie<\/em> es un peque\u00f1o fichero de texto que se almacena en su navegador cuando visita casi cualquier p\u00e1gina web. Su utilidad es que la web sea capaz de recordar su visita cuando vuelva a navegar por esa p\u00e1gina. Las <em>cookies<\/em> suelen almacenar informaci\u00f3n de car\u00e1cter t\u00e9cnico, preferencias personales, personalizaci\u00f3n de contenidos, estad\u00edsticas de uso, enlaces a redes sociales, acceso a cuentas de usuario, etc. El objetivo de la <em>cookie<\/em> es adaptar el contenido de la web a su perfil y necesidades, sin <em>cookies<\/em> los servicios ofrecidos por cualquier p\u00e1gina se ver\u00edan mermados notablemente. Si desea consultar m\u00e1s informaci\u00f3n sobre qu\u00e9 son las <em>cookies<\/em>, qu\u00e9 almacenan, c\u00f3mo eliminarlas, desactivarlas, etc., <a href=\"http:\/\/aseryde.com\/mas-informacion-sobre-las-cookies\/\">le rogamos se dirija a este enlace.<\/a><\/p>\n\n<h2 style=\"text-align: justify;\">Cookies utilizadas en este sitio web<\/h2>\n<p style=\"text-align: justify;\">Siguiendo las directrices de la Agencia Espa\u00f1ola de Protecci\u00f3n de Datos procedemos a detallar el uso de <em>cookies<\/em> que hace esta web con el fin de informarle con la m\u00e1xima exactitud posible.<\/p>\n<p style=\"text-align: justify;\">Este sitio web utiliza las siguientes <strong>cookies propias<\/strong>:<\/p>\n\n<ul style=\"text-align: justify;\">\n\t<li>Cookies de sesi\u00f3n, para garantizar que los usuarios que escriban comentarios en el blog sean humanos y no aplicaciones automatizadas. De esta forma se combate el <em>spam<\/em>.<\/li>\n<\/ul>\n<p style=\"text-align: justify;\">Este sitio web utiliza las siguientes <strong>cookies de terceros<\/strong>:<\/p>\n\n<ul style=\"text-align: justify;\">\n\t<li>Google Analytics: Almacena <em>cookies<\/em> para poder elaborar estad\u00edsticas sobre el tr\u00e1fico y volumen de visitas de esta web. Al utilizar este sitio web est\u00e1 consintiendo el tratamiento de informaci\u00f3n acerca de usted por Google. Por tanto, el ejercicio de cualquier derecho en este sentido deber\u00e1 hacerlo comunicando directamente con Google.<\/li>\n\t<li>Redes sociales: Cada red social utiliza sus propias <em>cookies<\/em> para que usted pueda pinchar en botones del tipo <em>Me gusta<\/em> o <em>Compartir<\/em>.<\/li>\n<\/ul>\n<h2 style=\"text-align: justify;\">Desactivaci\u00f3n o eliminaci\u00f3n de cookies<\/h2>\n<p style=\"text-align: justify;\">En cualquier momento podr\u00e1 ejercer su derecho de desactivaci\u00f3n o eliminaci\u00f3n de cookies de este sitio web. Estas acciones se realizan de forma diferente en funci\u00f3n del navegador que est\u00e9 usando. <a href=\"http:\/\/aseryde.com\/mas-informacion-sobre-las-cookies\/#navegadores\">Aqu\u00ed le dejamos una gu\u00eda r\u00e1pida para los navegadores m\u00e1s populares<\/a>.<\/p>\n\n<h2 style=\"text-align: justify;\">Notas adicionales<\/h2>\n<ul>\n\t<li style=\"text-align: justify;\">Ni esta web ni sus representantes legales se hacen responsables ni del contenido ni de la veracidad de las pol\u00edticas de privacidad que puedan tener los terceros mencionados en esta pol\u00edtica de <em>cookies<\/em>.<\/li>\n\t<li style=\"text-align: justify;\">Los navegadores web son las herramientas encargadas de almacenar las <em>cookies<\/em> y desde este lugar debe efectuar su derecho a eliminaci\u00f3n o desactivaci\u00f3n de las mismas. Ni esta web ni sus representantes legales pueden garantizar la correcta o incorrecta manipulaci\u00f3n de las <em>cookies<\/em> por parte de los mencionados navegadores.<\/li>\n\t<li style=\"text-align: justify;\">En algunos casos es necesario instalar <em>cookies<\/em> para que el navegador no olvide su decisi\u00f3n de no aceptaci\u00f3n de las mismas.<\/li>\n\t<li style=\"text-align: justify;\">En el caso de las <em>cookies<\/em> de Google Analytics, esta empresa almacena las <em>cookies<\/em> en servidores ubicados en Estados Unidos y se compromete a no compartirla con terceros, excepto en los casos en los que sea necesario para el funcionamiento del sistema o cuando la ley obligue a tal efecto. Seg\u00fan Google no guarda su direcci\u00f3n IP. Google Inc. es una compa\u00f1\u00eda adherida al Acuerdo de Puerto Seguro que garantiza que todos los datos transferidos ser\u00e1n tratados con un nivel de protecci\u00f3n acorde a la normativa europea. Puede consultar informaci\u00f3n detallada a este respecto <a href=\"http:\/\/www.rolexreplicasrelojes.com\">replicas de rolex<\/a> <a href=\"http:\/\/safeharbor.export.gov\/companyinfo.aspx?id=16626\" target=\"_blank\">en este enlace<\/a>. Si desea informaci\u00f3n sobre el uso que Google da a las cookies <a href=\"https:\/\/developers.google.com\/analytics\/devguides\/collection\/analyticsjs\/cookie-usage?hl=es&amp;csw=1\" target=\"_blank\">le adjuntamos este otro enlace<\/a>.<\/li>\n\t<li style=\"text-align: justify;\">Para cualquier duda o consulta acerca de esta pol\u00edtica de <em>cookies<\/em> no dude en comunicarse con nosotros a trav\u00e9s de la secci\u00f3n de contacto.<\/li>\n<\/ul>    \t","_et_gb_content_width":"","footnotes":""},"class_list":["post-753","page","type-page","status-publish","hentry"],"_links":{"self":[{"href":"https:\/\/aseryde.com\/en\/wp-json\/wp\/v2\/pages\/753","targetHints":{"allow":["GET"]}}],"collection":[{"href":"https:\/\/aseryde.com\/en\/wp-json\/wp\/v2\/pages"}],"about":[{"href":"https:\/\/aseryde.com\/en\/wp-json\/wp\/v2\/types\/page"}],"author":[{"embeddable":true,"href":"https:\/\/aseryde.com\/en\/wp-json\/wp\/v2\/users\/2"}],"replies":[{"embeddable":true,"href":"https:\/\/aseryde.com\/en\/wp-json\/wp\/v2\/comments?post=753"}],"version-history":[{"count":3,"href":"https:\/\/aseryde.com\/en\/wp-json\/wp\/v2\/pages\/753\/revisions"}],"predecessor-version":[{"id":119343,"href":"https:\/\/aseryde.com\/en\/wp-json\/wp\/v2\/pages\/753\/revisions\/119343"}],"wp:attachment":[{"href":"https:\/\/aseryde.com\/en\/wp-json\/wp\/v2\/media?parent=753"}],"curies":[{"name":"wp","href":"https:\/\/api.w.org\/{rel}","templated":true}]}}